{"id":1345,"date":"2025-05-06T13:12:21","date_gmt":"2025-05-06T13:12:21","guid":{"rendered":"https:\/\/directcharge.local\/?page_id=1345"},"modified":"2025-07-03T15:25:00","modified_gmt":"2025-07-03T15:25:00","slug":"solutions","status":"publish","type":"page","link":"https:\/\/directcharge.de\/de\/solutions\/","title":{"rendered":"L\u00f6sungen"},"content":{"rendered":"<div data-elementor-type=\"wp-page\" data-elementor-id=\"1345\" class=\"elementor elementor-1345\" data-elementor-post-type=\"page\">\n\t\t\t\t<div class=\"elementor-element elementor-element-4acb04d e-flex e-con-boxed e-con e-parent\" data-id=\"4acb04d\" data-element_type=\"container\" data-e-type=\"container\">\n\t\t\t\t\t<div class=\"e-con-inner\">\n\t\t\t\t<div class=\"elementor-element elementor-element-65c892e elementor-widget elementor-widget-heading\" data-id=\"65c892e\" data-element_type=\"widget\" data-e-type=\"widget\" data-widget_type=\"heading.default\">\n\t\t\t\t<div class=\"elementor-widget-container\">\n\t\t\t\t\t<h2 class=\"elementor-heading-title elementor-size-default\">L\u00f6sungen<\/h2>\t\t\t\t<\/div>\n\t\t\t\t<\/div>\n\t\t\t\t<div class=\"elementor-element elementor-element-cd680c7 elementor-widget elementor-widget-heading\" data-id=\"cd680c7\" data-element_type=\"widget\" data-e-type=\"widget\" data-widget_type=\"heading.default\">\n\t\t\t\t<div class=\"elementor-widget-container\">\n\t\t\t\t\t<h5 class=\"elementor-heading-title elementor-size-default\">Von der Idee bis zur Umsetzung zeigt jedes DirectCharge-Projekt unser Engagement f\u00fcr Innovation, Nachhaltigkeit und Zusammenarbeit. Entdecken Sie unsere Projekte und erfahren Sie, was die Energiewende vorantreibt.<\/h5>\t\t\t\t<\/div>\n\t\t\t\t<\/div>\n\t\t\t\t\t<\/div>\n\t\t\t\t<\/div>\n\t\t<div class=\"elementor-element elementor-element-597d3daa e-flex e-con-boxed e-con e-parent\" data-id=\"597d3daa\" data-element_type=\"container\" data-e-type=\"container\">\n\t\t\t\t\t<div class=\"e-con-inner\">\n\t\t\t\t<div class=\"elementor-element elementor-element-5f421577 elementor-posts__hover-none elementor-posts--thumbnail-none elementor-posts--align-left elementor-widget__width-initial elementor-grid-tablet-1 elementor-grid-3 elementor-grid-mobile-1 elementor-card-shadow-yes elementor-widget elementor-widget-posts\" data-id=\"5f421577\" data-element_type=\"widget\" data-e-type=\"widget\" data-settings=\"{&quot;cards_row_gap&quot;:{&quot;unit&quot;:&quot;px&quot;,&quot;size&quot;:80,&quot;sizes&quot;:[]},&quot;cards_row_gap_tablet&quot;:{&quot;unit&quot;:&quot;px&quot;,&quot;size&quot;:30,&quot;sizes&quot;:[]},&quot;cards_row_gap_mobile&quot;:{&quot;unit&quot;:&quot;px&quot;,&quot;size&quot;:30,&quot;sizes&quot;:[]},&quot;cards_columns_tablet&quot;:&quot;1&quot;,&quot;cards_columns&quot;:&quot;3&quot;,&quot;cards_columns_mobile&quot;:&quot;1&quot;}\" data-widget_type=\"posts.cards\">\n\t\t\t\t<div class=\"elementor-widget-container\">\n\t\t\t\t\t\t\t<div class=\"elementor-posts-container elementor-posts elementor-posts--skin-cards elementor-grid\" role=\"list\">\n\t\t\t\t<article class=\"elementor-post elementor-grid-item post-2484 post type-post status-publish format-standard hentry category-projects\" role=\"listitem\">\n\t\t\t<div class=\"elementor-post__card\">\n\t\t\t\t<div class=\"elementor-post__text\">\n\t\t\t\t<h4 class=\"elementor-post__title\">\n\t\t\t<a href=\"https:\/\/directcharge.de\/de\/solution-3\/\" >\n\t\t\t\tL\u00f6sung 1\t\t\t<\/a>\n\t\t<\/h4>\n\t\t\t\t<div class=\"elementor-post__excerpt\">\n\t\t\t<p>Planung von 3 bis 5 High-Power-Charger (HPC) mit Strom aus einer nahegelegenen PV- oder Windanlage bzw. der Zuleitung.<br \/>\nBis zu 10 Ladepl\u00e4tze erm\u00f6glichen schnelles, \u00f6ffentliches Laden. Ideal f\u00fcr Anwohnende, Pendler, Gewerbetreibende und Durchgangsverkehr.<\/p>\n\t\t<\/div>\n\t\t\t\t\t<div class=\"elementor-post__read-more-wrapper\">\n\t\t\n\t\t<a class=\"elementor-post__read-more\" href=\"https:\/\/directcharge.de\/de\/solution-3\/\" aria-label=\"Mehr \u00fcber Solution 1\" tabindex=\"-1\" >\n\t\t\tWeiterlesen\t\t<\/a>\n\n\t\t\t\t\t<\/div>\n\t\t\t\t<\/div>\n\t\t\t\t\t<\/div>\n\t\t<\/article>\n\t\t\t\t<article class=\"elementor-post elementor-grid-item post-2482 post type-post status-publish format-standard hentry category-projects\" role=\"listitem\">\n\t\t\t<div class=\"elementor-post__card\">\n\t\t\t\t<div class=\"elementor-post__text\">\n\t\t\t\t<h4 class=\"elementor-post__title\">\n\t\t\t<a href=\"https:\/\/directcharge.de\/de\/solution-2\/\" >\n\t\t\t\tL\u00f6sung 2\t\t\t<\/a>\n\t\t<\/h4>\n\t\t\t\t<div class=\"elementor-post__excerpt\">\n\t\t\t<p>Planung von 5 bis 10 High-Power-Charger (HPC) mit Strom aus einer nahegelegenen PV- oder Windanlage.<br \/>\nBis zu 20 Ladepl\u00e4tze f\u00fcr Personen- und Lastverkehr. Ideal f\u00fcr Logistikunternehmen, Transitverkehr und lokale Gewerbetreibende als virtuelles Depot.<\/p>\n\t\t<\/div>\n\t\t\t\t\t<div class=\"elementor-post__read-more-wrapper\">\n\t\t\n\t\t<a class=\"elementor-post__read-more\" href=\"https:\/\/directcharge.de\/de\/solution-2\/\" aria-label=\"Mehr \u00fcber Solution 2\" tabindex=\"-1\" >\n\t\t\tWeiterlesen\t\t<\/a>\n\n\t\t\t\t\t<\/div>\n\t\t\t\t<\/div>\n\t\t\t\t\t<\/div>\n\t\t<\/article>\n\t\t\t\t<article class=\"elementor-post elementor-grid-item post-2477 post type-post status-publish format-standard hentry category-projects\" role=\"listitem\">\n\t\t\t<div class=\"elementor-post__card\">\n\t\t\t\t<div class=\"elementor-post__text\">\n\t\t\t\t<h4 class=\"elementor-post__title\">\n\t\t\t<a href=\"https:\/\/directcharge.de\/de\/solution-1\/\" >\n\t\t\t\tL\u00f6sung 3\t\t\t<\/a>\n\t\t<\/h4>\n\t\t\t\t<div class=\"elementor-post__excerpt\">\n\t\t\t<p>Planung von 3 bis 5 High-Power- und AC-Chargern an Logistik- oder Gewerbegeb\u00e4uden in Industrieparks oder an Verkehrsknotenpunkten.<br \/>\nDie PV-Dachanlage (1 bis 2 MW) wird von DirectCharge geplant (und installiert).<br \/>\nIdeal f\u00fcr Gewerbe, Hub-Kunden, Mitarbeitende sowie Alltags- und Durchgangsverkehr.<\/p>\n\t\t<\/div>\n\t\t\t\t\t<div class=\"elementor-post__read-more-wrapper\">\n\t\t\n\t\t<a class=\"elementor-post__read-more\" href=\"https:\/\/directcharge.de\/de\/solution-1\/\" aria-label=\"Mehr \u00fcber Solution 3\" tabindex=\"-1\" >\n\t\t\tWeiterlesen\t\t<\/a>\n\n\t\t\t\t\t<\/div>\n\t\t\t\t<\/div>\n\t\t\t\t\t<\/div>\n\t\t<\/article>\n\t\t\t\t<\/div>\n\t\t\n\t\t\t\t\t\t<\/div>\n\t\t\t\t<\/div>\n\t\t\t\t\t<\/div>\n\t\t\t\t<\/div>\n\t\t\t\t<\/div>","protected":false},"excerpt":{"rendered":"<p>Solutions From concept to completion, each DirectCharge project reflects our commitment to innovation, sustainability and partnership. Browse our portfolio and see what\u2019s driving the energy transition.<\/p>","protected":false},"author":1,"featured_media":0,"parent":0,"menu_order":0,"comment_status":"closed","ping_status":"closed","template":"","meta":{"footnotes":"","_links_to":"","_links_to_target":""},"class_list":["post-1345","page","type-page","status-publish","hentry"],"yoast_head":"<title>Solutions - DirectCharge<\/title>\n<meta name=\"robots\" content=\"index, follow, max-snippet:-1, max-image-preview:large, max-video-preview:-1\" \/>\n<link rel=\"canonical\" href=\"https:\/\/directcharge.de\/de\/solutions\/\" \/>\n<meta property=\"og:locale\" content=\"de_DE\" \/>\n<meta property=\"og:type\" content=\"article\" \/>\n<meta property=\"og:title\" content=\"Solutions - DirectCharge\" \/>\n<meta property=\"og:description\" content=\"Solutions From concept to completion, each DirectCharge project reflects our commitment to innovation, sustainability and partnership. Browse our portfolio and see what\u2019s driving the energy transition.\" \/>\n<meta property=\"og:url\" content=\"https:\/\/directcharge.de\/de\/solutions\/\" \/>\n<meta property=\"og:site_name\" content=\"DirectCharge\" \/>\n<meta property=\"article:modified_time\" content=\"2025-07-03T15:25:00+00:00\" \/>\n<meta name=\"twitter:card\" content=\"summary_large_image\" \/>\n<meta name=\"twitter:label1\" content=\"Gesch\u00e4tzte Lesezeit\" \/>\n\t<meta name=\"twitter:data1\" content=\"1\u00a0Minute\" \/>\n<script type=\"application\/ld+json\" class=\"yoast-schema-graph\">{\"@context\":\"https:\\\/\\\/schema.org\",\"@graph\":[{\"@type\":\"WebPage\",\"@id\":\"https:\\\/\\\/directcharge.de\\\/solutions\\\/\",\"url\":\"https:\\\/\\\/directcharge.de\\\/solutions\\\/\",\"name\":\"Solutions - DirectCharge\",\"isPartOf\":{\"@id\":\"https:\\\/\\\/directcharge.de\\\/en\\\/#website\"},\"datePublished\":\"2025-05-06T13:12:21+00:00\",\"dateModified\":\"2025-07-03T15:25:00+00:00\",\"breadcrumb\":{\"@id\":\"https:\\\/\\\/directcharge.de\\\/solutions\\\/#breadcrumb\"},\"inLanguage\":\"de\",\"potentialAction\":[{\"@type\":\"ReadAction\",\"target\":[\"https:\\\/\\\/directcharge.de\\\/solutions\\\/\"]}]},{\"@type\":\"BreadcrumbList\",\"@id\":\"https:\\\/\\\/directcharge.de\\\/solutions\\\/#breadcrumb\",\"itemListElement\":[{\"@type\":\"ListItem\",\"position\":1,\"name\":\"Home\",\"item\":\"https:\\\/\\\/directcharge.de\\\/\"},{\"@type\":\"ListItem\",\"position\":2,\"name\":\"Solutions\"}]},{\"@type\":\"WebSite\",\"@id\":\"https:\\\/\\\/directcharge.de\\\/en\\\/#website\",\"url\":\"https:\\\/\\\/directcharge.de\\\/en\\\/\",\"name\":\"DirectCharge\",\"description\":\"DirectCharge\",\"publisher\":{\"@id\":\"https:\\\/\\\/directcharge.de\\\/en\\\/#organization\"},\"potentialAction\":[{\"@type\":\"SearchAction\",\"target\":{\"@type\":\"EntryPoint\",\"urlTemplate\":\"https:\\\/\\\/directcharge.de\\\/en\\\/?s={search_term_string}\"},\"query-input\":{\"@type\":\"PropertyValueSpecification\",\"valueRequired\":true,\"valueName\":\"search_term_string\"}}],\"inLanguage\":\"de\"},{\"@type\":\"Organization\",\"@id\":\"https:\\\/\\\/directcharge.de\\\/en\\\/#organization\",\"name\":\"DirectCharge\",\"url\":\"https:\\\/\\\/directcharge.de\\\/en\\\/\",\"logo\":{\"@type\":\"ImageObject\",\"inLanguage\":\"de\",\"@id\":\"https:\\\/\\\/directcharge.de\\\/en\\\/#\\\/schema\\\/logo\\\/image\\\/\",\"url\":\"https:\\\/\\\/directcharge.de\\\/wp-content\\\/uploads\\\/2025\\\/04\\\/logo.svg\",\"contentUrl\":\"https:\\\/\\\/directcharge.de\\\/wp-content\\\/uploads\\\/2025\\\/04\\\/logo.svg\",\"caption\":\"DirectCharge\"},\"image\":{\"@id\":\"https:\\\/\\\/directcharge.de\\\/en\\\/#\\\/schema\\\/logo\\\/image\\\/\"},\"sameAs\":[\"https:\\\/\\\/www.linkedin.com\\\/company\\\/directcharge\\\/\"]}]}<\/script>","yoast_head_json":{"title":"Solutions - DirectCharge","robots":{"index":"index","follow":"follow","max-snippet":"max-snippet:-1","max-image-preview":"max-image-preview:large","max-video-preview":"max-video-preview:-1"},"canonical":"https:\/\/directcharge.de\/de\/solutions\/","og_locale":"de_DE","og_type":"article","og_title":"Solutions - DirectCharge","og_description":"Solutions From concept to completion, each DirectCharge project reflects our commitment to innovation, sustainability and partnership. Browse our portfolio and see what\u2019s driving the energy transition.","og_url":"https:\/\/directcharge.de\/de\/solutions\/","og_site_name":"DirectCharge","article_modified_time":"2025-07-03T15:25:00+00:00","twitter_card":"summary_large_image","twitter_misc":{"Gesch\u00e4tzte Lesezeit":"1\u00a0Minute"},"schema":{"@context":"https:\/\/schema.org","@graph":[{"@type":"WebPage","@id":"https:\/\/directcharge.de\/solutions\/","url":"https:\/\/directcharge.de\/solutions\/","name":"Solutions - DirectCharge","isPartOf":{"@id":"https:\/\/directcharge.de\/en\/#website"},"datePublished":"2025-05-06T13:12:21+00:00","dateModified":"2025-07-03T15:25:00+00:00","breadcrumb":{"@id":"https:\/\/directcharge.de\/solutions\/#breadcrumb"},"inLanguage":"de","potentialAction":[{"@type":"ReadAction","target":["https:\/\/directcharge.de\/solutions\/"]}]},{"@type":"BreadcrumbList","@id":"https:\/\/directcharge.de\/solutions\/#breadcrumb","itemListElement":[{"@type":"ListItem","position":1,"name":"Home","item":"https:\/\/directcharge.de\/"},{"@type":"ListItem","position":2,"name":"Solutions"}]},{"@type":"WebSite","@id":"https:\/\/directcharge.de\/en\/#website","url":"https:\/\/directcharge.de\/en\/","name":"DirectCharge","description":"DirectCharge","publisher":{"@id":"https:\/\/directcharge.de\/en\/#organization"},"potentialAction":[{"@type":"SearchAction","target":{"@type":"EntryPoint","urlTemplate":"https:\/\/directcharge.de\/en\/?s={search_term_string}"},"query-input":{"@type":"PropertyValueSpecification","valueRequired":true,"valueName":"search_term_string"}}],"inLanguage":"de"},{"@type":"Organization","@id":"https:\/\/directcharge.de\/en\/#organization","name":"DirectCharge","url":"https:\/\/directcharge.de\/en\/","logo":{"@type":"ImageObject","inLanguage":"de","@id":"https:\/\/directcharge.de\/en\/#\/schema\/logo\/image\/","url":"https:\/\/directcharge.de\/wp-content\/uploads\/2025\/04\/logo.svg","contentUrl":"https:\/\/directcharge.de\/wp-content\/uploads\/2025\/04\/logo.svg","caption":"DirectCharge"},"image":{"@id":"https:\/\/directcharge.de\/en\/#\/schema\/logo\/image\/"},"sameAs":["https:\/\/www.linkedin.com\/company\/directcharge\/"]}]}},"_links":{"self":[{"href":"https:\/\/directcharge.de\/de\/wp-json\/wp\/v2\/pages\/1345","targetHints":{"allow":["GET"]}}],"collection":[{"href":"https:\/\/directcharge.de\/de\/wp-json\/wp\/v2\/pages"}],"about":[{"href":"https:\/\/directcharge.de\/de\/wp-json\/wp\/v2\/types\/page"}],"author":[{"embeddable":true,"href":"https:\/\/directcharge.de\/de\/wp-json\/wp\/v2\/users\/1"}],"replies":[{"embeddable":true,"href":"https:\/\/directcharge.de\/de\/wp-json\/wp\/v2\/comments?post=1345"}],"version-history":[{"count":56,"href":"https:\/\/directcharge.de\/de\/wp-json\/wp\/v2\/pages\/1345\/revisions"}],"predecessor-version":[{"id":2371,"href":"https:\/\/directcharge.de\/de\/wp-json\/wp\/v2\/pages\/1345\/revisions\/2371"}],"wp:attachment":[{"href":"https:\/\/directcharge.de\/de\/wp-json\/wp\/v2\/media?parent=1345"}],"curies":[{"name":"wp","href":"https:\/\/api.w.org\/{rel}","templated":true}]}}