{"id":887,"date":"2025-05-02T08:42:57","date_gmt":"2025-05-02T08:42:57","guid":{"rendered":"https:\/\/directcharge.local\/?page_id=887"},"modified":"2025-06-25T12:38:07","modified_gmt":"2025-06-25T12:38:07","slug":"news","status":"publish","type":"page","link":"https:\/\/directcharge.de\/en\/news\/","title":{"rendered":"News"},"content":{"rendered":"\t\t<div data-elementor-type=\"wp-page\" data-elementor-id=\"887\" class=\"elementor elementor-887\" data-elementor-post-type=\"page\">\n\t\t\t\t<div class=\"elementor-element elementor-element-cfa9f02 e-flex e-con-boxed e-con e-parent\" data-id=\"cfa9f02\" data-element_type=\"container\" data-e-type=\"container\">\n\t\t\t\t\t<div class=\"e-con-inner\">\n\t\t\t\t<div class=\"elementor-element elementor-element-81cf406 elementor-widget elementor-widget-heading\" data-id=\"81cf406\" data-element_type=\"widget\" data-e-type=\"widget\" data-widget_type=\"heading.default\">\n\t\t\t\t<div class=\"elementor-widget-container\">\n\t\t\t\t\t<h2 class=\"elementor-heading-title elementor-size-default\">News<\/h2>\t\t\t\t<\/div>\n\t\t\t\t<\/div>\n\t\t\t\t<div class=\"elementor-element elementor-element-2c83056 elementor-widget elementor-widget-heading\" data-id=\"2c83056\" data-element_type=\"widget\" data-e-type=\"widget\" data-widget_type=\"heading.default\">\n\t\t\t\t<div class=\"elementor-widget-container\">\n\t\t\t\t\t<h5 class=\"elementor-heading-title elementor-size-default\">Stay informed with the latest industry news and insights.<\/h5>\t\t\t\t<\/div>\n\t\t\t\t<\/div>\n\t\t\t\t\t<\/div>\n\t\t\t\t<\/div>\n\t\t<div class=\"elementor-element elementor-element-e0e494a e-flex e-con-boxed e-con e-parent\" data-id=\"e0e494a\" data-element_type=\"container\" data-e-type=\"container\">\n\t\t\t\t\t<div class=\"e-con-inner\">\n\t\t\t\t<div class=\"elementor-element elementor-element-4935b3d elementor-grid-1 elementor-grid-tablet-1 elementor-widget-tablet__width-initial elementor-grid-mobile-1 elementor-widget elementor-widget-loop-grid\" data-id=\"4935b3d\" data-element_type=\"widget\" data-e-type=\"widget\" data-settings=\"{&quot;template_id&quot;:1226,&quot;columns&quot;:1,&quot;columns_tablet&quot;:1,&quot;row_gap_tablet&quot;:{&quot;unit&quot;:&quot;px&quot;,&quot;size&quot;:30,&quot;sizes&quot;:[]},&quot;_skin&quot;:&quot;post&quot;,&quot;columns_mobile&quot;:&quot;1&quot;,&quot;edit_handle_selector&quot;:&quot;[data-elementor-type=\\&quot;loop-item\\&quot;]&quot;,&quot;row_gap&quot;:{&quot;unit&quot;:&quot;px&quot;,&quot;size&quot;:&quot;&quot;,&quot;sizes&quot;:[]},&quot;row_gap_mobile&quot;:{&quot;unit&quot;:&quot;px&quot;,&quot;size&quot;:&quot;&quot;,&quot;sizes&quot;:[]}}\" data-widget_type=\"loop-grid.post\">\n\t\t\t\t<div class=\"elementor-widget-container\">\n\t\t\t\t\t\t\t<div class=\"elementor-loop-container elementor-grid\" role=\"list\">\n\t\t<style id=\"loop-1226\">.elementor-1226 .elementor-element.elementor-element-5cc118f{--display:flex;--justify-content:space-between;--align-items:flex-start;--container-widget-width:calc( ( 1 - var( --container-widget-flex-grow ) ) * 100% );--border-radius:16px 16px 16px 16px;box-shadow:0px 1px 5px 0px rgba(0, 0, 0, 0.2);--padding-top:30px;--padding-bottom:30px;--padding-left:30px;--padding-right:30px;}.elementor-widget-post-info .elementor-icon-list-item:not(:last-child):after{border-color:var( --e-global-color-text );}.elementor-widget-post-info .elementor-icon-list-icon i{color:var( --e-global-color-primary );}.elementor-widget-post-info .elementor-icon-list-icon svg{fill:var( --e-global-color-primary );}.elementor-widget-post-info .elementor-icon-list-text, .elementor-widget-post-info .elementor-icon-list-text a{color:var( --e-global-color-secondary );}.elementor-widget-post-info .elementor-icon-list-item{font-family:var( --e-global-typography-text-font-family ), Sans-serif;font-weight:var( --e-global-typography-text-font-weight );}.elementor-1226 .elementor-element.elementor-element-26751b1 .elementor-icon-list-icon{width:14px;}.elementor-1226 .elementor-element.elementor-element-26751b1 .elementor-icon-list-icon i{font-size:14px;}.elementor-1226 .elementor-element.elementor-element-26751b1 .elementor-icon-list-icon svg{--e-icon-list-icon-size:14px;}.elementor-1226 .elementor-element.elementor-element-26751b1 .elementor-icon-list-item{font-family:\"Inter\", Sans-serif;font-size:14px;font-weight:400;}.elementor-widget-theme-post-title .elementor-heading-title{font-family:var( --e-global-typography-primary-font-family ), Sans-serif;font-weight:var( --e-global-typography-primary-font-weight );color:var( --e-global-color-primary );}.elementor-1226 .elementor-element.elementor-element-94b3036 .elementor-heading-title{font-family:\"Quicksand\", Sans-serif;font-size:16px;font-weight:600;color:var( --e-global-color-text );}.elementor-widget-theme-post-content{color:var( --e-global-color-text );font-family:var( --e-global-typography-text-font-family ), Sans-serif;font-weight:var( --e-global-typography-text-font-weight );}.elementor-1226 .elementor-element.elementor-element-e27682c{color:var( --e-global-color-secondary );font-family:\"Inter\", Sans-serif;font-size:16px;font-weight:400;}\/* Start custom CSS for theme-post-content, class: .elementor-element-e27682c *\/.elementor-widget-theme-post-content h2.wp-block-heading {\n  font-size: 20px;\n  color: black;\n}\n\n.elementor-widget-theme-post-content a {\n    color: #000;\n    font-weight: 600;\n    font-size: 14px;\n}\n\n.elementor-widget-theme-post-content a:visited {\n    color: #000;\n}\n\n.elementor-widget-theme-post-content a:hover {\n    color: #000;\n}\n\n.elementor-widget-theme-post-content a:active {\n    color: #000;\n}\/* End custom CSS *\/\n\/* Start custom CSS for container, class: .elementor-element-5cc118f *\/.elementor-post:hover {\n    box-shadow: 0 6px 18px rgba(0,0,0,0.08);\n    transition: box-shadow 0.3s ease;\n}\/* End custom CSS *\/<\/style>\t\t<div data-elementor-type=\"loop-item\" data-elementor-id=\"1226\" class=\"elementor elementor-1226 e-loop-item e-loop-item-1155 post-1155 post type-post status-publish format-standard hentry category-news\" data-elementor-post-type=\"elementor_library\" data-custom-edit-handle=\"1\">\n\t\t\t<div class=\"elementor-element elementor-element-5cc118f e-flex e-con-boxed e-con e-parent\" data-id=\"5cc118f\" data-element_type=\"container\" data-e-type=\"container\">\n\t\t\t\t\t<div class=\"e-con-inner\">\n\t\t\t\t<div class=\"elementor-element elementor-element-26751b1 elementor-widget elementor-widget-post-info\" data-id=\"26751b1\" data-element_type=\"widget\" data-e-type=\"widget\" data-widget_type=\"post-info.default\">\n\t\t\t\t<div class=\"elementor-widget-container\">\n\t\t\t\t\t\t\t<ul class=\"elementor-inline-items elementor-icon-list-items elementor-post-info\">\n\t\t\t\t\t\t\t\t<li class=\"elementor-icon-list-item elementor-repeater-item-a54ac52 elementor-inline-item\" itemprop=\"datePublished\">\n\t\t\t\t\t\t\t\t\t\t\t\t\t<span class=\"elementor-icon-list-text elementor-post-info__item elementor-post-info__item--type-date\">\n\t\t\t\t\t\t\t\t\t\t<time>15 April 2024<\/time>\t\t\t\t\t<\/span>\n\t\t\t\t\t\t\t\t<\/li>\n\t\t\t\t<\/ul>\n\t\t\t\t\t\t<\/div>\n\t\t\t\t<\/div>\n\t\t\t\t<div class=\"elementor-element elementor-element-94b3036 elementor-widget elementor-widget-theme-post-title elementor-page-title elementor-widget-heading\" data-id=\"94b3036\" data-element_type=\"widget\" data-e-type=\"widget\" data-widget_type=\"theme-post-title.default\">\n\t\t\t\t<div class=\"elementor-widget-container\">\n\t\t\t\t\t<h1 class=\"elementor-heading-title elementor-size-default\">BWE Betreiberbrief 1\/2024<\/h1>\t\t\t\t<\/div>\n\t\t\t\t<\/div>\n\t\t\t\t<div class=\"elementor-element elementor-element-e27682c elementor-widget elementor-widget-theme-post-content\" data-id=\"e27682c\" data-element_type=\"widget\" data-e-type=\"widget\" data-widget_type=\"theme-post-content.default\">\n\t\t\t\t<div class=\"elementor-widget-container\">\n\t\t\t\t\t\n<h2 class=\"wp-block-heading\">Mit Strom aus Wind- und PV-Anlagen zus\u00e4tzliche Ertr\u00e4ge erwirtschaften und die Elektromobilit\u00e4t voranbringen<\/h2>\n\n\n\n<p>Im Mittelpunkt der fortschrittlichen Energiebewegung steht ein grundlegendes, jedoch revolution\u00e4res Konzept: Die direkte Verbindung von gr\u00fcnen Stromerzeugern mit dem direkten Laden von Elektrofahrzeugen an Wind- und Solarparks.<\/p>\n\n\n\n<p><a href=\"https:\/\/www.betreiberbrief.de\/fileadmin\/redaktion\/dokumente\/BWE_BetreiberBrief_1-2024.pdf\">Lesen Sie den ganzen Artikel im BWE-Betreiberbrief<\/a><\/p>\n\t\t\t\t<\/div>\n\t\t\t\t<\/div>\n\t\t\t\t\t<\/div>\n\t\t\t\t<\/div>\n\t\t\t\t<\/div>\n\t\t\t\t<div data-elementor-type=\"loop-item\" data-elementor-id=\"1226\" class=\"elementor elementor-1226 e-loop-item e-loop-item-1153 post-1153 post type-post status-publish format-standard hentry category-news\" data-elementor-post-type=\"elementor_library\" data-custom-edit-handle=\"1\">\n\t\t\t<div class=\"elementor-element elementor-element-5cc118f e-flex e-con-boxed e-con e-parent\" data-id=\"5cc118f\" data-element_type=\"container\" data-e-type=\"container\">\n\t\t\t\t\t<div class=\"e-con-inner\">\n\t\t\t\t<div class=\"elementor-element elementor-element-26751b1 elementor-widget elementor-widget-post-info\" data-id=\"26751b1\" data-element_type=\"widget\" data-e-type=\"widget\" data-widget_type=\"post-info.default\">\n\t\t\t\t<div class=\"elementor-widget-container\">\n\t\t\t\t\t\t\t<ul class=\"elementor-inline-items elementor-icon-list-items elementor-post-info\">\n\t\t\t\t\t\t\t\t<li class=\"elementor-icon-list-item elementor-repeater-item-a54ac52 elementor-inline-item\" itemprop=\"datePublished\">\n\t\t\t\t\t\t\t\t\t\t\t\t\t<span class=\"elementor-icon-list-text elementor-post-info__item elementor-post-info__item--type-date\">\n\t\t\t\t\t\t\t\t\t\t<time>13 March 2024<\/time>\t\t\t\t\t<\/span>\n\t\t\t\t\t\t\t\t<\/li>\n\t\t\t\t<\/ul>\n\t\t\t\t\t\t<\/div>\n\t\t\t\t<\/div>\n\t\t\t\t<div class=\"elementor-element elementor-element-94b3036 elementor-widget elementor-widget-theme-post-title elementor-page-title elementor-widget-heading\" data-id=\"94b3036\" data-element_type=\"widget\" data-e-type=\"widget\" data-widget_type=\"theme-post-title.default\">\n\t\t\t\t<div class=\"elementor-widget-container\">\n\t\t\t\t\t<h1 class=\"elementor-heading-title elementor-size-default\">pv magazine<\/h1>\t\t\t\t<\/div>\n\t\t\t\t<\/div>\n\t\t\t\t<div class=\"elementor-element elementor-element-e27682c elementor-widget elementor-widget-theme-post-content\" data-id=\"e27682c\" data-element_type=\"widget\" data-e-type=\"widget\" data-widget_type=\"theme-post-content.default\">\n\t\t\t\t<div class=\"elementor-widget-container\">\n\t\t\t\t\t\n<h2 class=\"wp-block-heading\">Lades\u00e4ulen an Photovoltaik-Kraftwerken k\u00f6nnen sich in sechs Jahren amortisieren<img alt=\"\"><\/h2>\n\n\n\n<p>Mehr Lades\u00e4ulen, die mit Solar- oder Windstrom betrieben werden, sind f\u00fcr Elektroautofahrer sicherlich w\u00fcnschenswert. Ihnen und den Betreibern gro\u00dfer, verkehrsg\u00fcnstig gelegener Photovoltaik-Anlagen versprechen sie im Konzept des jungen Unternehmens Directcharge au\u00dferdem handfeste finanzielle Vorteile.<\/p>\n\n\n\n<p><a href=\"https:\/\/www.pv-magazine.de\/2024\/03\/13\/ladesaeulen-an-photovoltaik-kraftwerken-amortisieren-sich-in-sechs-jahren\/\" target=\"_blank\" rel=\"noreferrer noopener\">Lesen Sie den ganzen Artikel auf pv magazine<\/a><\/p>\n\t\t\t\t<\/div>\n\t\t\t\t<\/div>\n\t\t\t\t\t<\/div>\n\t\t\t\t<\/div>\n\t\t\t\t<\/div>\n\t\t\t\t<div data-elementor-type=\"loop-item\" data-elementor-id=\"1226\" class=\"elementor elementor-1226 e-loop-item e-loop-item-1130 post-1130 post type-post status-publish format-standard hentry category-news\" data-elementor-post-type=\"elementor_library\" data-custom-edit-handle=\"1\">\n\t\t\t<div class=\"elementor-element elementor-element-5cc118f e-flex e-con-boxed e-con e-parent\" data-id=\"5cc118f\" data-element_type=\"container\" data-e-type=\"container\">\n\t\t\t\t\t<div class=\"e-con-inner\">\n\t\t\t\t<div class=\"elementor-element elementor-element-26751b1 elementor-widget elementor-widget-post-info\" data-id=\"26751b1\" data-element_type=\"widget\" data-e-type=\"widget\" data-widget_type=\"post-info.default\">\n\t\t\t\t<div class=\"elementor-widget-container\">\n\t\t\t\t\t\t\t<ul class=\"elementor-inline-items elementor-icon-list-items elementor-post-info\">\n\t\t\t\t\t\t\t\t<li class=\"elementor-icon-list-item elementor-repeater-item-a54ac52 elementor-inline-item\" itemprop=\"datePublished\">\n\t\t\t\t\t\t\t\t\t\t\t\t\t<span class=\"elementor-icon-list-text elementor-post-info__item elementor-post-info__item--type-date\">\n\t\t\t\t\t\t\t\t\t\t<time>26 November 2023<\/time>\t\t\t\t\t<\/span>\n\t\t\t\t\t\t\t\t<\/li>\n\t\t\t\t<\/ul>\n\t\t\t\t\t\t<\/div>\n\t\t\t\t<\/div>\n\t\t\t\t<div class=\"elementor-element elementor-element-94b3036 elementor-widget elementor-widget-theme-post-title elementor-page-title elementor-widget-heading\" data-id=\"94b3036\" data-element_type=\"widget\" data-e-type=\"widget\" data-widget_type=\"theme-post-title.default\">\n\t\t\t\t<div class=\"elementor-widget-container\">\n\t\t\t\t\t<h1 class=\"elementor-heading-title elementor-size-default\">Windkraft-Journal<\/h1>\t\t\t\t<\/div>\n\t\t\t\t<\/div>\n\t\t\t\t<div class=\"elementor-element elementor-element-e27682c elementor-widget elementor-widget-theme-post-content\" data-id=\"e27682c\" data-element_type=\"widget\" data-e-type=\"widget\" data-widget_type=\"theme-post-content.default\">\n\t\t\t\t<div class=\"elementor-widget-container\">\n\t\t\t\t\t\n<h2 class=\"wp-block-heading\">E-Autos laden an Wind- und Solarparks<\/h2>\n\n\n\n<p>In der Welt der erneuerbaren Energien \u00f6ffnet sich ein neues Kapitel: das direkte Laden von Elektrofahrzeugen an Wind- und Solarparks.<\/p>\n\n\n\n<p>(WK-intern)\u00a0\u2013 Diese Entwicklung, die durch die Berliner Firma directcharge vorangetrieben wird, repr\u00e4sentiert einen signifikanten Fortschritt in der Nutzung gr\u00fcner Energiequellen.<\/p>\n\n\n\n<p><a href=\"https:\/\/www.windkraft-journal.de\/2023\/11\/26\/e-autos-laden-an-wind-und-solarparks\/194802\" target=\"_blank\" rel=\"noreferrer noopener\">Lesen Sie den ganzen Artikel im Windkraft-Journal<\/a><\/p>\n\t\t\t\t<\/div>\n\t\t\t\t<\/div>\n\t\t\t\t\t<\/div>\n\t\t\t\t<\/div>\n\t\t\t\t<\/div>\n\t\t\t\t<div data-elementor-type=\"loop-item\" data-elementor-id=\"1226\" class=\"elementor elementor-1226 e-loop-item e-loop-item-1273 post-1273 post type-post status-publish format-standard hentry category-news\" data-elementor-post-type=\"elementor_library\" data-custom-edit-handle=\"1\">\n\t\t\t<div class=\"elementor-element elementor-element-5cc118f e-flex e-con-boxed e-con e-parent\" data-id=\"5cc118f\" data-element_type=\"container\" data-e-type=\"container\">\n\t\t\t\t\t<div class=\"e-con-inner\">\n\t\t\t\t<div class=\"elementor-element elementor-element-26751b1 elementor-widget elementor-widget-post-info\" data-id=\"26751b1\" data-element_type=\"widget\" data-e-type=\"widget\" data-widget_type=\"post-info.default\">\n\t\t\t\t<div class=\"elementor-widget-container\">\n\t\t\t\t\t\t\t<ul class=\"elementor-inline-items elementor-icon-list-items elementor-post-info\">\n\t\t\t\t\t\t\t\t<li class=\"elementor-icon-list-item elementor-repeater-item-a54ac52 elementor-inline-item\" itemprop=\"datePublished\">\n\t\t\t\t\t\t\t\t\t\t\t\t\t<span class=\"elementor-icon-list-text elementor-post-info__item elementor-post-info__item--type-date\">\n\t\t\t\t\t\t\t\t\t\t<time>25 November 2023<\/time>\t\t\t\t\t<\/span>\n\t\t\t\t\t\t\t\t<\/li>\n\t\t\t\t<\/ul>\n\t\t\t\t\t\t<\/div>\n\t\t\t\t<\/div>\n\t\t\t\t<div class=\"elementor-element elementor-element-94b3036 elementor-widget elementor-widget-theme-post-title elementor-page-title elementor-widget-heading\" data-id=\"94b3036\" data-element_type=\"widget\" data-e-type=\"widget\" data-widget_type=\"theme-post-title.default\">\n\t\t\t\t<div class=\"elementor-widget-container\">\n\t\t\t\t\t<h1 class=\"elementor-heading-title elementor-size-default\">wind-turbine.com<\/h1>\t\t\t\t<\/div>\n\t\t\t\t<\/div>\n\t\t\t\t<div class=\"elementor-element elementor-element-e27682c elementor-widget elementor-widget-theme-post-content\" data-id=\"e27682c\" data-element_type=\"widget\" data-e-type=\"widget\" data-widget_type=\"theme-post-content.default\">\n\t\t\t\t<div class=\"elementor-widget-container\">\n\t\t\t\t\t\n<h2 class=\"wp-block-heading\">Laden am Windpark<\/h2>\n\n\n\n<p>Ladens von E-Autos an Wind- und Solarparks \u2013 eine Methode, die Effizienz steigert, Kosten senkt und aktiv zum Umweltschutz beitr\u00e4gt.<\/p>\n\n\n\n<p>Im Herzen der fortschrittlichen Energiebewegung steht ein einfaches, aber revolution\u00e4res Konzept: die direkte Verbindung von gr\u00fcnen Stromerzeugern mit den Endverbrauchern. Die Firma directcharge aus Berlin hat sich dieser Herausforderung gestellt und erm\u00f6glicht nun das direkte Laden von Elektrofahrzeugen an Wind- und Solarparks. Diese Innovation, die im November 2023 den ersten Preis beim \u201eSpreewind PitchNight\u201c Startup-Event gewonnen hat, markiert einen Meilenstein in der umweltfreundlichen Energieversorgung.<\/p>\n\n\n\n<p><a href=\"https:\/\/wind-turbine.com\/magazin\/neues-vom-markt\/231125\/laden-am-windpark.html\" target=\"_blank\" rel=\"noreferrer noopener\">Lesen Sie den ganzen Artikel auf wind-turbine.com<\/a><br><\/p>\n\t\t\t\t<\/div>\n\t\t\t\t<\/div>\n\t\t\t\t\t<\/div>\n\t\t\t\t<\/div>\n\t\t\t\t<\/div>\n\t\t\t\t<\/div>\n\t\t\n\t\t\t\t\t\t<\/div>\n\t\t\t\t<\/div>\n\t\t\t\t\t<\/div>\n\t\t\t\t<\/div>\n\t\t\t\t<\/div>\n\t\t","protected":false},"excerpt":{"rendered":"<p>News Stay informed with the latest industry news and insights.<\/p>\n","protected":false},"author":1,"featured_media":0,"parent":0,"menu_order":0,"comment_status":"closed","ping_status":"closed","template":"","meta":{"footnotes":"","_links_to":"","_links_to_target":""},"class_list":["post-887","page","type-page","status-publish","hentry"],"yoast_head":"<title>News - DirectCharge<\/title>\n<meta name=\"robots\" content=\"index, follow, max-snippet:-1, max-image-preview:large, max-video-preview:-1\" \/>\n<link rel=\"canonical\" href=\"https:\/\/directcharge.de\/en\/news\/\" \/>\n<meta property=\"og:locale\" content=\"en_US\" \/>\n<meta property=\"og:type\" content=\"article\" \/>\n<meta property=\"og:title\" content=\"News - DirectCharge\" \/>\n<meta property=\"og:description\" content=\"News Stay informed with the latest industry news and insights.\" \/>\n<meta property=\"og:url\" content=\"https:\/\/directcharge.de\/en\/news\/\" \/>\n<meta property=\"og:site_name\" content=\"DirectCharge\" \/>\n<meta property=\"article:modified_time\" content=\"2025-06-25T12:38:07+00:00\" \/>\n<meta name=\"twitter:card\" content=\"summary_large_image\" \/>\n<meta name=\"twitter:label1\" content=\"Est. reading time\" \/>\n\t<meta name=\"twitter:data1\" content=\"3 minutes\" \/>\n<script type=\"application\/ld+json\" class=\"yoast-schema-graph\">{\"@context\":\"https:\\\/\\\/schema.org\",\"@graph\":[{\"@type\":\"WebPage\",\"@id\":\"https:\\\/\\\/directcharge.de\\\/news\\\/\",\"url\":\"https:\\\/\\\/directcharge.de\\\/news\\\/\",\"name\":\"News - DirectCharge\",\"isPartOf\":{\"@id\":\"https:\\\/\\\/directcharge.de\\\/en\\\/#website\"},\"datePublished\":\"2025-05-02T08:42:57+00:00\",\"dateModified\":\"2025-06-25T12:38:07+00:00\",\"breadcrumb\":{\"@id\":\"https:\\\/\\\/directcharge.de\\\/news\\\/#breadcrumb\"},\"inLanguage\":\"en-US\",\"potentialAction\":[{\"@type\":\"ReadAction\",\"target\":[\"https:\\\/\\\/directcharge.de\\\/news\\\/\"]}]},{\"@type\":\"BreadcrumbList\",\"@id\":\"https:\\\/\\\/directcharge.de\\\/news\\\/#breadcrumb\",\"itemListElement\":[{\"@type\":\"ListItem\",\"position\":1,\"name\":\"Home\",\"item\":\"https:\\\/\\\/directcharge.de\\\/\"},{\"@type\":\"ListItem\",\"position\":2,\"name\":\"News\"}]},{\"@type\":\"WebSite\",\"@id\":\"https:\\\/\\\/directcharge.de\\\/en\\\/#website\",\"url\":\"https:\\\/\\\/directcharge.de\\\/en\\\/\",\"name\":\"DirectCharge\",\"description\":\"DirectCharge\",\"publisher\":{\"@id\":\"https:\\\/\\\/directcharge.de\\\/en\\\/#organization\"},\"potentialAction\":[{\"@type\":\"SearchAction\",\"target\":{\"@type\":\"EntryPoint\",\"urlTemplate\":\"https:\\\/\\\/directcharge.de\\\/en\\\/?s={search_term_string}\"},\"query-input\":{\"@type\":\"PropertyValueSpecification\",\"valueRequired\":true,\"valueName\":\"search_term_string\"}}],\"inLanguage\":\"en-US\"},{\"@type\":\"Organization\",\"@id\":\"https:\\\/\\\/directcharge.de\\\/en\\\/#organization\",\"name\":\"DirectCharge\",\"url\":\"https:\\\/\\\/directcharge.de\\\/en\\\/\",\"logo\":{\"@type\":\"ImageObject\",\"inLanguage\":\"en-US\",\"@id\":\"https:\\\/\\\/directcharge.de\\\/en\\\/#\\\/schema\\\/logo\\\/image\\\/\",\"url\":\"https:\\\/\\\/directcharge.de\\\/wp-content\\\/uploads\\\/2025\\\/04\\\/logo.svg\",\"contentUrl\":\"https:\\\/\\\/directcharge.de\\\/wp-content\\\/uploads\\\/2025\\\/04\\\/logo.svg\",\"caption\":\"DirectCharge\"},\"image\":{\"@id\":\"https:\\\/\\\/directcharge.de\\\/en\\\/#\\\/schema\\\/logo\\\/image\\\/\"},\"sameAs\":[\"https:\\\/\\\/www.linkedin.com\\\/company\\\/directcharge\\\/\"]}]}<\/script>","yoast_head_json":{"title":"News - DirectCharge","robots":{"index":"index","follow":"follow","max-snippet":"max-snippet:-1","max-image-preview":"max-image-preview:large","max-video-preview":"max-video-preview:-1"},"canonical":"https:\/\/directcharge.de\/en\/news\/","og_locale":"en_US","og_type":"article","og_title":"News - DirectCharge","og_description":"News Stay informed with the latest industry news and insights.","og_url":"https:\/\/directcharge.de\/en\/news\/","og_site_name":"DirectCharge","article_modified_time":"2025-06-25T12:38:07+00:00","twitter_card":"summary_large_image","twitter_misc":{"Est. reading time":"3 minutes"},"schema":{"@context":"https:\/\/schema.org","@graph":[{"@type":"WebPage","@id":"https:\/\/directcharge.de\/news\/","url":"https:\/\/directcharge.de\/news\/","name":"News - DirectCharge","isPartOf":{"@id":"https:\/\/directcharge.de\/en\/#website"},"datePublished":"2025-05-02T08:42:57+00:00","dateModified":"2025-06-25T12:38:07+00:00","breadcrumb":{"@id":"https:\/\/directcharge.de\/news\/#breadcrumb"},"inLanguage":"en-US","potentialAction":[{"@type":"ReadAction","target":["https:\/\/directcharge.de\/news\/"]}]},{"@type":"BreadcrumbList","@id":"https:\/\/directcharge.de\/news\/#breadcrumb","itemListElement":[{"@type":"ListItem","position":1,"name":"Home","item":"https:\/\/directcharge.de\/"},{"@type":"ListItem","position":2,"name":"News"}]},{"@type":"WebSite","@id":"https:\/\/directcharge.de\/en\/#website","url":"https:\/\/directcharge.de\/en\/","name":"DirectCharge","description":"DirectCharge","publisher":{"@id":"https:\/\/directcharge.de\/en\/#organization"},"potentialAction":[{"@type":"SearchAction","target":{"@type":"EntryPoint","urlTemplate":"https:\/\/directcharge.de\/en\/?s={search_term_string}"},"query-input":{"@type":"PropertyValueSpecification","valueRequired":true,"valueName":"search_term_string"}}],"inLanguage":"en-US"},{"@type":"Organization","@id":"https:\/\/directcharge.de\/en\/#organization","name":"DirectCharge","url":"https:\/\/directcharge.de\/en\/","logo":{"@type":"ImageObject","inLanguage":"en-US","@id":"https:\/\/directcharge.de\/en\/#\/schema\/logo\/image\/","url":"https:\/\/directcharge.de\/wp-content\/uploads\/2025\/04\/logo.svg","contentUrl":"https:\/\/directcharge.de\/wp-content\/uploads\/2025\/04\/logo.svg","caption":"DirectCharge"},"image":{"@id":"https:\/\/directcharge.de\/en\/#\/schema\/logo\/image\/"},"sameAs":["https:\/\/www.linkedin.com\/company\/directcharge\/"]}]}},"_links":{"self":[{"href":"https:\/\/directcharge.de\/en\/wp-json\/wp\/v2\/pages\/887","targetHints":{"allow":["GET"]}}],"collection":[{"href":"https:\/\/directcharge.de\/en\/wp-json\/wp\/v2\/pages"}],"about":[{"href":"https:\/\/directcharge.de\/en\/wp-json\/wp\/v2\/types\/page"}],"author":[{"embeddable":true,"href":"https:\/\/directcharge.de\/en\/wp-json\/wp\/v2\/users\/1"}],"replies":[{"embeddable":true,"href":"https:\/\/directcharge.de\/en\/wp-json\/wp\/v2\/comments?post=887"}],"version-history":[{"count":121,"href":"https:\/\/directcharge.de\/en\/wp-json\/wp\/v2\/pages\/887\/revisions"}],"predecessor-version":[{"id":2178,"href":"https:\/\/directcharge.de\/en\/wp-json\/wp\/v2\/pages\/887\/revisions\/2178"}],"wp:attachment":[{"href":"https:\/\/directcharge.de\/en\/wp-json\/wp\/v2\/media?parent=887"}],"curies":[{"name":"wp","href":"https:\/\/api.w.org\/{rel}","templated":true}]}}